{"id":1141,"date":"2022-08-10T14:57:56","date_gmt":"2022-08-10T12:57:56","guid":{"rendered":"http:\/\/raminhummel.com\/publications-2\/"},"modified":"2024-06-21T10:27:50","modified_gmt":"2024-06-21T08:27:50","slug":"blog","status":"publish","type":"page","link":"https:\/\/raminhummel.com\/de\/blog\/","title":{"rendered":"Coaching Blog"},"content":{"rendered":"\t\t<div data-elementor-type=\"wp-post\" data-elementor-id=\"1141\" class=\"elementor elementor-1141\" data-elementor-post-type=\"page\">\n\t\t\t\t\t\t<section class=\"elementor-section elementor-top-section elementor-element elementor-element-641f7022 elementor-section-boxed elementor-section-height-default elementor-section-height-default\" data-id=\"641f7022\" data-element_type=\"section\" data-e-type=\"section\">\n\t\t\t\t\t\t<div class=\"elementor-container elementor-column-gap-default\">\n\t\t\t\t\t<div class=\"elementor-column elementor-col-100 elementor-top-column elementor-element elementor-element-57d3e907\" data-id=\"57d3e907\" data-element_type=\"column\" data-e-type=\"column\">\n\t\t\t<div class=\"elementor-widget-wrap elementor-element-populated\">\n\t\t\t\t\t\t<div class=\"elementor-element elementor-element-4f6573f5 elementor-widget elementor-widget-image\" data-id=\"4f6573f5\" data-element_type=\"widget\" data-e-type=\"widget\" data-widget_type=\"image.default\">\n\t\t\t\t<div class=\"elementor-widget-container\">\n\t\t\t\t\t\t\t\t\t\t\t\t\t\t\t<img decoding=\"async\" width=\"64\" height=\"64\" src=\"https:\/\/raminhummel.com\/wp-content\/uploads\/2022\/10\/icons8-blog-64.png\" class=\"attachment-full size-full wp-image-2258\" alt=\"\" \/>\t\t\t\t\t\t\t\t\t\t\t\t\t\t\t<\/div>\n\t\t\t\t<\/div>\n\t\t\t\t<div class=\"elementor-element elementor-element-6cf75787 animated-fast elementor-invisible elementor-widget elementor-widget-heading\" data-id=\"6cf75787\" data-element_type=\"widget\" data-e-type=\"widget\" data-settings=\"{&quot;_animation&quot;:&quot;fadeIn&quot;}\" data-widget_type=\"heading.default\">\n\t\t\t\t<div class=\"elementor-widget-container\">\n\t\t\t\t\t<h3 class=\"elementor-heading-title elementor-size-default\">Publikationen<\/h3>\t\t\t\t<\/div>\n\t\t\t\t<\/div>\n\t\t\t\t<div class=\"elementor-element elementor-element-88f4968 animated-fast elementor-invisible elementor-widget elementor-widget-heading\" data-id=\"88f4968\" data-element_type=\"widget\" data-e-type=\"widget\" data-settings=\"{&quot;_animation&quot;:&quot;fadeIn&quot;}\" data-widget_type=\"heading.default\">\n\t\t\t\t<div class=\"elementor-widget-container\">\n\t\t\t\t\t<h1 class=\"elementor-heading-title elementor-size-default\">Blog<\/h1>\t\t\t\t<\/div>\n\t\t\t\t<\/div>\n\t\t\t\t<div class=\"elementor-element elementor-element-56b59c2b elementor-invisible elementor-widget elementor-widget-text-editor\" data-id=\"56b59c2b\" data-element_type=\"widget\" data-e-type=\"widget\" data-settings=\"{&quot;_animation&quot;:&quot;fadeIn&quot;}\" data-widget_type=\"text-editor.default\">\n\t\t\t\t<div class=\"elementor-widget-container\">\n\t\t\t\t\t\t\t\t\t<p>Aktuelle Beitr\u00e4ge rund um das Thema Business Coaching.<\/p>\t\t\t\t\t\t\t\t<\/div>\n\t\t\t\t<\/div>\n\t\t\t\t\t<\/div>\n\t\t<\/div>\n\t\t\t\t\t<\/div>\n\t\t<\/section>\n\t\t\t\t<section class=\"elementor-section elementor-top-section elementor-element elementor-element-f8c8a8a elementor-section-boxed elementor-section-height-default elementor-section-height-default\" data-id=\"f8c8a8a\" data-element_type=\"section\" data-e-type=\"section\">\n\t\t\t\t\t\t<div class=\"elementor-container elementor-column-gap-default\">\n\t\t\t\t\t<div class=\"elementor-column elementor-col-100 elementor-top-column elementor-element elementor-element-fd3f6d4\" data-id=\"fd3f6d4\" data-element_type=\"column\" data-e-type=\"column\">\n\t\t\t<div class=\"elementor-widget-wrap elementor-element-populated\">\n\t\t\t\t\t\t<div class=\"elementor-element elementor-element-cd43b11 elementor-grid-2 elementor-grid-tablet-2 elementor-grid-mobile-1 elementor-posts--thumbnail-top elementor-card-shadow-yes elementor-posts__hover-gradient elementor-widget elementor-widget-posts\" data-id=\"cd43b11\" data-element_type=\"widget\" data-e-type=\"widget\" data-settings=\"{&quot;cards_columns&quot;:&quot;2&quot;,&quot;cards_columns_tablet&quot;:&quot;2&quot;,&quot;cards_columns_mobile&quot;:&quot;1&quot;,&quot;cards_row_gap&quot;:{&quot;unit&quot;:&quot;px&quot;,&quot;size&quot;:35,&quot;sizes&quot;:[]},&quot;cards_row_gap_tablet&quot;:{&quot;unit&quot;:&quot;px&quot;,&quot;size&quot;:&quot;&quot;,&quot;sizes&quot;:[]},&quot;cards_row_gap_mobile&quot;:{&quot;unit&quot;:&quot;px&quot;,&quot;size&quot;:&quot;&quot;,&quot;sizes&quot;:[]}}\" data-widget_type=\"posts.cards\">\n\t\t\t\t<div class=\"elementor-widget-container\">\n\t\t\t\t\t\t\t<div class=\"elementor-posts-container elementor-posts elementor-posts--skin-cards elementor-grid\" role=\"list\">\n\t\t\t\t<article class=\"elementor-post elementor-grid-item post-2726 post type-post status-publish format-standard has-post-thumbnail hentry category-uncategorized\" role=\"listitem\">\n\t\t\t<div class=\"elementor-post__card\">\n\t\t\t\t<a class=\"elementor-post__thumbnail__link\" href=\"https:\/\/raminhummel.com\/de\/blog\/generation-z\/\" tabindex=\"-1\" ><div class=\"elementor-post__thumbnail\"><img fetchpriority=\"high\" decoding=\"async\" width=\"768\" height=\"512\" src=\"https:\/\/raminhummel.com\/wp-content\/uploads\/2024\/06\/people-their-office-job-showing-inclusivity-768x512.jpg\" class=\"attachment-medium_large size-medium_large wp-image-2750\" alt=\"\" srcset=\"https:\/\/raminhummel.com\/wp-content\/uploads\/2024\/06\/people-their-office-job-showing-inclusivity-768x512.jpg 768w, https:\/\/raminhummel.com\/wp-content\/uploads\/2024\/06\/people-their-office-job-showing-inclusivity-300x200.jpg 300w, https:\/\/raminhummel.com\/wp-content\/uploads\/2024\/06\/people-their-office-job-showing-inclusivity-1024x683.jpg 1024w, https:\/\/raminhummel.com\/wp-content\/uploads\/2024\/06\/people-their-office-job-showing-inclusivity-1536x1025.jpg 1536w, https:\/\/raminhummel.com\/wp-content\/uploads\/2024\/06\/people-their-office-job-showing-inclusivity-2048x1366.jpg 2048w, https:\/\/raminhummel.com\/wp-content\/uploads\/2024\/06\/people-their-office-job-showing-inclusivity-18x12.jpg 18w\" sizes=\"(max-width: 768px) 100vw, 768px\" \/><\/div><\/a>\n\t\t\t\t<div class=\"elementor-post__text\">\n\t\t\t\t<h3 class=\"elementor-post__title\">\n\t\t\t<a href=\"https:\/\/raminhummel.com\/de\/blog\/generation-z\/\" >\n\t\t\t\tSeid nett zur Generation Z!\t\t\t<\/a>\n\t\t<\/h3>\n\t\t\t\t<div class=\"elementor-post__excerpt\">\n\t\t\t<p>&#8222;Seid nett zur Generation Z!&#8220; \u00a0 Trotz innerer Widerst\u00e4nde m\u00fcssen F\u00fchrungskr\u00e4fte das Potential verstehen und es erfolgreich entfalten. Die Kritik an der Generation Z ist<\/p>\n\t\t<\/div>\n\t\t\n\t\t<a class=\"elementor-post__read-more\" href=\"https:\/\/raminhummel.com\/de\/blog\/generation-z\/\" aria-label=\"Mehr \u00fcber Seid nett zur Generation Z!\" tabindex=\"-1\" >\n\t\t\tWeiterlesen...\t\t<\/a>\n\n\t\t\t\t<\/div>\n\t\t\t\t<div class=\"elementor-post__meta-data\">\n\t\t\t\t\t<span class=\"elementor-post-date\">\n\t\t\t21. Juni 2024\t\t<\/span>\n\t\t\t\t<span class=\"elementor-post-avatar\">\n\t\t\tKeine Kommentare\t\t<\/span>\n\t\t\t\t<\/div>\n\t\t\t\t\t<\/div>\n\t\t<\/article>\n\t\t\t\t<article class=\"elementor-post elementor-grid-item post-2198 post type-post status-publish format-standard has-post-thumbnail hentry category-uncategorized\" role=\"listitem\">\n\t\t\t<div class=\"elementor-post__card\">\n\t\t\t\t<a class=\"elementor-post__thumbnail__link\" href=\"https:\/\/raminhummel.com\/de\/blog\/new-work-keine-zeit-zu-warten\/\" tabindex=\"-1\" ><div class=\"elementor-post__thumbnail\"><img decoding=\"async\" width=\"768\" height=\"512\" src=\"https:\/\/raminhummel.com\/wp-content\/uploads\/2022\/10\/pexels-karolina-grabowska-4497809-768x512.jpg\" class=\"attachment-medium_large size-medium_large wp-image-2218\" alt=\"New Work - Karolina Grabowska\" srcset=\"https:\/\/raminhummel.com\/wp-content\/uploads\/2022\/10\/pexels-karolina-grabowska-4497809-768x512.jpg 768w, https:\/\/raminhummel.com\/wp-content\/uploads\/2022\/10\/pexels-karolina-grabowska-4497809-300x200.jpg 300w, https:\/\/raminhummel.com\/wp-content\/uploads\/2022\/10\/pexels-karolina-grabowska-4497809-1024x683.jpg 1024w, https:\/\/raminhummel.com\/wp-content\/uploads\/2022\/10\/pexels-karolina-grabowska-4497809-1536x1024.jpg 1536w, https:\/\/raminhummel.com\/wp-content\/uploads\/2022\/10\/pexels-karolina-grabowska-4497809-2048x1365.jpg 2048w\" sizes=\"(max-width: 768px) 100vw, 768px\" \/><\/div><\/a>\n\t\t\t\t<div class=\"elementor-post__text\">\n\t\t\t\t<h3 class=\"elementor-post__title\">\n\t\t\t<a href=\"https:\/\/raminhummel.com\/de\/blog\/new-work-keine-zeit-zu-warten\/\" >\n\t\t\t\t&#8222;New Work &#8211; keine Zeit zu warten&#8230;!&#8220;\t\t\t<\/a>\n\t\t<\/h3>\n\t\t\t\t<div class=\"elementor-post__excerpt\">\n\t\t\t<p>&#8222;New Work &#8211; keine Zeit zu warten&#8230;!&#8220; Zu Beginn meiner Karriere bei SAP war ich einer der Ersten, der f\u00fcr sich in Anspruch nahm, freitags<\/p>\n\t\t<\/div>\n\t\t\n\t\t<a class=\"elementor-post__read-more\" href=\"https:\/\/raminhummel.com\/de\/blog\/new-work-keine-zeit-zu-warten\/\" aria-label=\"Mehr \u00fcber &#8222;New Work &#8211; keine Zeit zu warten&#8230;!&#8220;\" tabindex=\"-1\" >\n\t\t\tWeiterlesen...\t\t<\/a>\n\n\t\t\t\t<\/div>\n\t\t\t\t<div class=\"elementor-post__meta-data\">\n\t\t\t\t\t<span class=\"elementor-post-date\">\n\t\t\t31. Oktober 2022\t\t<\/span>\n\t\t\t\t<span class=\"elementor-post-avatar\">\n\t\t\tKeine Kommentare\t\t<\/span>\n\t\t\t\t<\/div>\n\t\t\t\t\t<\/div>\n\t\t<\/article>\n\t\t\t\t<article class=\"elementor-post elementor-grid-item post-2181 post type-post status-publish format-standard has-post-thumbnail hentry category-uncategorized\" role=\"listitem\">\n\t\t\t<div class=\"elementor-post__card\">\n\t\t\t\t<a class=\"elementor-post__thumbnail__link\" href=\"https:\/\/raminhummel.com\/de\/blog\/ich-komme-im-job-einfach-nicht-weiter\/\" tabindex=\"-1\" ><div class=\"elementor-post__thumbnail\"><img loading=\"lazy\" decoding=\"async\" width=\"768\" height=\"549\" src=\"https:\/\/raminhummel.com\/wp-content\/uploads\/2022\/10\/youtuber-g844308488_1920-768x549.jpg\" class=\"attachment-medium_large size-medium_large wp-image-2244\" alt=\"Frustration am Arbeitsplatz\" srcset=\"https:\/\/raminhummel.com\/wp-content\/uploads\/2022\/10\/youtuber-g844308488_1920-768x549.jpg 768w, https:\/\/raminhummel.com\/wp-content\/uploads\/2022\/10\/youtuber-g844308488_1920-300x215.jpg 300w, https:\/\/raminhummel.com\/wp-content\/uploads\/2022\/10\/youtuber-g844308488_1920-1024x732.jpg 1024w, https:\/\/raminhummel.com\/wp-content\/uploads\/2022\/10\/youtuber-g844308488_1920-1536x1098.jpg 1536w, https:\/\/raminhummel.com\/wp-content\/uploads\/2022\/10\/youtuber-g844308488_1920.jpg 1920w\" sizes=\"(max-width: 768px) 100vw, 768px\" \/><\/div><\/a>\n\t\t\t\t<div class=\"elementor-post__text\">\n\t\t\t\t<h3 class=\"elementor-post__title\">\n\t\t\t<a href=\"https:\/\/raminhummel.com\/de\/blog\/ich-komme-im-job-einfach-nicht-weiter\/\" >\n\t\t\t\t&#8222;Ich komme im Job einfach nicht weiter!&#8220;\t\t\t<\/a>\n\t\t<\/h3>\n\t\t\t\t<div class=\"elementor-post__excerpt\">\n\t\t\t<p>\u201cIch komme im Job einfach nicht weiter!\u201d Sich nicht bewusst zu sein, dass es wertvolle Ressourcen gibt auf die man Zugriff hat, kann diesen Zustand<\/p>\n\t\t<\/div>\n\t\t\n\t\t<a class=\"elementor-post__read-more\" href=\"https:\/\/raminhummel.com\/de\/blog\/ich-komme-im-job-einfach-nicht-weiter\/\" aria-label=\"Mehr \u00fcber &#8222;Ich komme im Job einfach nicht weiter!&#8220;\" tabindex=\"-1\" >\n\t\t\tWeiterlesen...\t\t<\/a>\n\n\t\t\t\t<\/div>\n\t\t\t\t<div class=\"elementor-post__meta-data\">\n\t\t\t\t\t<span class=\"elementor-post-date\">\n\t\t\t29. Oktober 2022\t\t<\/span>\n\t\t\t\t<span class=\"elementor-post-avatar\">\n\t\t\tKeine Kommentare\t\t<\/span>\n\t\t\t\t<\/div>\n\t\t\t\t\t<\/div>\n\t\t<\/article>\n\t\t\t\t<\/div>\n\t\t\n\t\t\t\t\t\t<\/div>\n\t\t\t\t<\/div>\n\t\t\t\t\t<\/div>\n\t\t<\/div>\n\t\t\t\t\t<\/div>\n\t\t<\/section>\n\t\t\t\t<\/div>\n\t\t","protected":false},"excerpt":{"rendered":"<p>Publikationen Blog Aktuelle Beitr\u00e4ge rund um das Thema Business Coaching.<\/p>\n","protected":false},"author":1,"featured_media":0,"parent":0,"menu_order":0,"comment_status":"closed","ping_status":"closed","template":"","meta":{"site-sidebar-layout":"no-sidebar","site-content-layout":"page-builder","ast-global-header-display":"","ast-main-header-display":"","ast-hfb-above-header-display":"","ast-hfb-below-header-display":"","ast-hfb-mobile-header-display":"","site-post-title":"disabled","ast-breadcrumbs-content":"","ast-featured-img":"disabled","footer-sml-layout":"","theme-transparent-header-meta":"","adv-header-id-meta":"","stick-header-meta":"","header-above-stick-meta":"","header-main-stick-meta":"","header-below-stick-meta":"","footnotes":""},"class_list":["post-1141","page","type-page","status-publish","hentry"],"_links":{"self":[{"href":"https:\/\/raminhummel.com\/de\/wp-json\/wp\/v2\/pages\/1141","targetHints":{"allow":["GET"]}}],"collection":[{"href":"https:\/\/raminhummel.com\/de\/wp-json\/wp\/v2\/pages"}],"about":[{"href":"https:\/\/raminhummel.com\/de\/wp-json\/wp\/v2\/types\/page"}],"author":[{"embeddable":true,"href":"https:\/\/raminhummel.com\/de\/wp-json\/wp\/v2\/users\/1"}],"replies":[{"embeddable":true,"href":"https:\/\/raminhummel.com\/de\/wp-json\/wp\/v2\/comments?post=1141"}],"version-history":[{"count":10,"href":"https:\/\/raminhummel.com\/de\/wp-json\/wp\/v2\/pages\/1141\/revisions"}],"predecessor-version":[{"id":2740,"href":"https:\/\/raminhummel.com\/de\/wp-json\/wp\/v2\/pages\/1141\/revisions\/2740"}],"wp:attachment":[{"href":"https:\/\/raminhummel.com\/de\/wp-json\/wp\/v2\/media?parent=1141"}],"curies":[{"name":"wp","href":"https:\/\/api.w.org\/{rel}","templated":true}]}}