{"id":1345,"date":"2022-08-26T12:43:17","date_gmt":"2022-08-26T10:43:17","guid":{"rendered":"http:\/\/raminhummel.com\/?page_id=1345"},"modified":"2022-11-24T23:53:31","modified_gmt":"2022-11-24T22:53:31","slug":"impressum","status":"publish","type":"page","link":"https:\/\/raminhummel.com\/de\/impressum\/","title":{"rendered":"Impressum"},"content":{"rendered":"\t\t<div data-elementor-type=\"wp-page\" data-elementor-id=\"1345\" class=\"elementor elementor-1345\" data-elementor-post-type=\"page\">\n\t\t\t\t\t\t<section class=\"elementor-section elementor-top-section elementor-element elementor-element-30f7a8a elementor-section-boxed elementor-section-height-default elementor-section-height-default\" data-id=\"30f7a8a\" data-element_type=\"section\" data-e-type=\"section\">\n\t\t\t\t\t\t<div class=\"elementor-container elementor-column-gap-default\">\n\t\t\t\t\t<div class=\"elementor-column elementor-col-100 elementor-top-column elementor-element elementor-element-285864a\" data-id=\"285864a\" data-element_type=\"column\" data-e-type=\"column\">\n\t\t\t<div class=\"elementor-widget-wrap elementor-element-populated\">\n\t\t\t\t\t\t<div class=\"elementor-element elementor-element-4d50dbb animated-fast elementor-invisible elementor-widget elementor-widget-heading\" data-id=\"4d50dbb\" data-element_type=\"widget\" data-e-type=\"widget\" data-settings=\"{&quot;_animation&quot;:&quot;fadeIn&quot;}\" data-widget_type=\"heading.default\">\n\t\t\t\t<div class=\"elementor-widget-container\">\n\t\t\t\t\t<h1 class=\"elementor-heading-title elementor-size-default\">Impressum<\/h1>\t\t\t\t<\/div>\n\t\t\t\t<\/div>\n\t\t\t\t<div class=\"elementor-element elementor-element-a333a4a elementor-invisible elementor-widget elementor-widget-text-editor\" data-id=\"a333a4a\" data-element_type=\"widget\" data-e-type=\"widget\" data-settings=\"{&quot;_animation&quot;:&quot;fadeIn&quot;}\" data-widget_type=\"text-editor.default\">\n\t\t\t\t<div class=\"elementor-widget-container\">\n\t\t\t\t\t\t\t\t\t<p><b>Angaben gem. \u00a7 5 TMG:<br \/><\/b><span style=\"font-style: inherit; font-weight: inherit; color: var( --e-global-color-text ); font-family: var( --e-global-typography-text-font-family ), Sans-serif; background-color: var(--ast-global-color-4);\">Ramin Hummel<br \/><\/span><span style=\"font-style: inherit; font-weight: inherit; color: var( --e-global-color-text ); font-family: var( --e-global-typography-text-font-family ), Sans-serif; background-color: var(--ast-global-color-4);\">Uhlandstr. 19<br \/><\/span><span style=\"font-style: inherit; font-weight: inherit; color: var( --e-global-color-text ); font-family: var( --e-global-typography-text-font-family ), Sans-serif; background-color: var(--ast-global-color-4);\">76135 Karlsruhe<\/span><\/p><p><span style=\"font-style: inherit; color: var( --e-global-color-text ); font-family: var( --e-global-typography-text-font-family ), Sans-serif; background-color: var(--ast-global-color-4);\"><b>Kontaktaufnahme:<br \/><\/b><\/span><span style=\"font-style: inherit; font-weight: inherit; color: var( --e-global-color-text ); font-family: var( --e-global-typography-text-font-family ), Sans-serif; background-color: var(--ast-global-color-4);\">Tel: +49 171 338 281 0<br \/><\/span><span style=\"font-style: inherit; color: var( --e-global-color-text ); font-family: var( --e-global-typography-text-font-family ), Sans-serif; background-color: var(--ast-global-color-4);\"><span style=\"font-weight: inherit;\">E-Mail: info@raminhummel.com<\/span><\/span><\/p><p><span style=\"font-style: inherit; color: var( --e-global-color-text ); font-family: var( --e-global-typography-text-font-family ), Sans-serif; background-color: var(--ast-global-color-4);\"><b>Umsatzsteuer-Identifikationsnummer gem. \u00a7 27a Umsatzsteuergesetz:<br \/><\/b><\/span><span style=\"font-style: inherit; font-weight: inherit; color: var( --e-global-color-text ); font-family: var( --e-global-typography-text-font-family ), Sans-serif; background-color: var(--ast-global-color-4);\">DE305625527<\/span><b style=\"font-style: inherit; color: var( --e-global-color-text ); font-family: var( --e-global-typography-text-font-family ), Sans-serif; background-color: var(--ast-global-color-4);\">\u00a0<\/b><\/p><p><b>\u00a0Fotoshooting &#8211; Special Thanks to<\/b><\/p><p>Nabila &amp; Armin Zandieh f\u00fcr deren Teilnahme und Bereitstellung des iaro Cafe!<br \/><b><a href=\"https:\/\/iaro.co\"><span style=\"font-family: var( --e-global-typography-text-font-family ), Sans-serif;\"><span style=\"background-color: #f3f5f5; outline-color: initial; outline-style: initial; font-style: inherit;\">https:\/\/i<\/span><\/span>aro.co<\/a><span style=\"color: var( --e-global-color-text ); font-family: var( --e-global-typography-text-font-family ), Sans-serif; font-style: inherit; background-color: var(--ast-global-color-4);\">\u00a0<\/span><\/b><\/p><p><span style=\"font-style: inherit; background-color: var(--ast-global-color-4); font-family: var( --e-global-typography-text-font-family ), Sans-serif; color: var( --e-global-color-text );\">Moritz Cramer f\u00fcr die Bereitstellung der Basis Crossfit R\u00e4ume!<br \/><\/span><b style=\"color: var( --e-global-color-text ); font-family: var( --e-global-typography-text-font-family ), Sans-serif; font-size: 1rem; font-style: inherit;\"><a href=\"https:\/\/basis-karlsruhe.de\">https:\/\/basis-karlsruhe.de<\/a><\/b><\/p><p><b>Icons, Film und Fotomaterial:<br \/><\/b>Anja Balter<span style=\"background-color: var(--ast-global-color-4); font-family: var( --e-global-typography-text-font-family ), Sans-serif; font-style: inherit; font-weight: inherit;\"><br \/><\/span><a style=\"font-style: inherit; font-family: var( --e-global-typography-text-font-family ), Sans-serif;\" href=\"https:\/\/luckypics.de\"><b>https:\/\/luckypics.de<\/b><\/a><span style=\"font-style: inherit; color: var( --e-global-color-text ); font-family: var( --e-global-typography-text-font-family ), Sans-serif; background-color: var(--ast-global-color-4);\">\u00a0<\/span><\/p><p><span style=\"font-style: inherit; color: var( --e-global-color-text ); font-family: var( --e-global-typography-text-font-family ), Sans-serif; background-color: var(--ast-global-color-4);\">Tom Kohler &#8211; Photography<br \/><a href=\"https:\/\/tomkohler.de\"><b>https:\/\/tomkohler.de<\/b><\/a><br \/><\/span><\/p><p>Marc Sporys &#8211; Film &amp; Foto<br \/><a href=\"https:\/\/www.marcsporys.com\/\"><b>https:\/\/www.marcsporys.com<\/b><\/a><\/p><p>Icons8<br \/><a href=\"https:\/\/icons8.com\/\" target=\"_blank\" rel=\"noopener\"><b>https:\/\/icons8.com<\/b><\/a><\/p><p><b style=\"font-style: inherit; color: var( --e-global-color-text ); font-family: var( --e-global-typography-text-font-family ), Sans-serif; background-color: var(--ast-global-color-4);\"><u><br \/>Haftungsausschluss-Disclaimer:<\/u><\/b><\/p><p><u>Haftung f\u00fcr Inhalte<\/u><\/p><p>Alle Inhalte unseres Internetauftritts wurden mit gr\u00f6\u00dfter Sorgfalt und nach bestem Gewissen erstellt. F\u00fcr die Richtigkeit, Vollst\u00e4ndigkeit und Aktualit\u00e4t der Inhalte k\u00f6nnen wir jedoch keine Gew\u00e4hr \u00fcbernehmen. Als Diensteanbieter sind wir gem\u00e4\u00df \u00a7 7 Abs.1 TMG f\u00fcr eigene Inhalte auf diesen Seiten nach den allgemeinen Gesetzen verantwortlich. Nach \u00a7\u00a7 8 bis 10 TMG sind wir als Diensteanbieter jedoch nicht verpflichtet, \u00fcbermittelte oder gespeicherte fremde Informationen zu \u00fcberwachen oder nach Umst\u00e4nden zu forschen, die auf eine rechtswidrige T\u00e4tigkeit hinweisen. Verpflichtungen zur Entfernung oder Sperrung der Nutzung von Informationen nach den allgemeinen Gesetzen bleiben hiervon unber\u00fchrt.<\/p><p>Eine diesbez\u00fcgliche Haftung ist jedoch erst ab dem Zeitpunkt der Kenntniserlangung einer konkreten Rechtsverletzung m\u00f6glich. Bei Bekanntwerden von den o.g. Rechtsverletzungen werden wir diese Inhalte unverz\u00fcglich entfernen.<\/p><p><u>Haftungsbeschr\u00e4nkung f\u00fcr externe Links<\/u><\/p><p>Unsere Website enth\u00e4lt Links auf externe Webseiten Dritter. Auf die Inhalte dieser direkt oder indirekt verlinkten Webseiten haben wir keinen Einfluss. Daher k\u00f6nnen wir f\u00fcr die &#8222;externen Links&#8220; auch keine Gew\u00e4hr auf Richtigkeit der Inhalte \u00fcbernehmen. F\u00fcr die Inhalte der externen Links sind die jeweiligen Anbieter oder Betreiber (Urheber) der Webseiten verantwortlich.<\/p><p>Die externen Links wurden zum Zeitpunkt der Linksetzung auf eventuelle Rechtsverst\u00f6\u00dfe \u00fcberpr\u00fcft und waren im Zeitpunkt der Linksetzung frei von rechtswidrigen Inhalten. Eine st\u00e4ndige inhaltliche \u00dcberpr\u00fcfung der externen Links ist ohne konkrete Anhaltspunkte einer Rechtsverletzung nicht m\u00f6glich. Bei direkten oder indirekten Verlinkungen auf die Webseiten Dritter, die au\u00dferhalb unseres Verantwortungsbereichs liegen, w\u00fcrde eine Haftungsverpflichtung ausschlie\u00dflich in dem Fall nur bestehen, wenn wir von den Inhalten Kenntnis erlangen und es uns technisch m\u00f6glich und zumutbar w\u00e4re, die Nutzung im Falle rechtswidriger Inhalte zu verhindern.<\/p><p>Diese Haftungsausschlusserkl\u00e4rung gilt auch innerhalb des eigenen Internetauftrittes &#8222;raminhummel.com&#8220; gesetzten Links und Verweise von Fragestellern, Blogeintr\u00e4gern, G\u00e4sten des Diskussionsforums. F\u00fcr illegale, fehlerhafte oder unvollst\u00e4ndige Inhalte und insbesondere f\u00fcr Sch\u00e4den, die aus der Nutzung oder Nichtnutzung socherart dargestellten Informationen entstehen, haftet allein der Diensteanbieter der Seite, auf welche verwiesen wurde, nicht derjenige, der \u00fcber Links auf die jeweilige Ver\u00f6ffentlichung lediglich verweist.\u00a0<\/p><p>Werden uns Rechtsverletzungen bekannt, werden die externen Links durch uns unverz\u00fcglich entfernt.<\/p><p><u>Urheberrecht<\/u><\/p><p>Die auf unserer Webseite ver\u00f6ffentlichten Inhalte und Werke unterliegen dem deutschen Urheberrecht (<a href=\"http:\/\/www.gesetze-im-internet.de\/urhg\/index.html\">http:\/\/www.gesetze-im-internet.de\/urhg\/index.html<\/a>). Die Vervielf\u00e4ltigung, Bearbeitung, Verbreitung und jede Art der Verwertung des geistigen Eigentums in ideeller und materieller Sicht des Urhebers au\u00dferhalb der Grenzen des Urheberrechtes bed\u00fcrfen der vorherigen schriftlichen Zustimmung des jeweiligen Urhebers i.S.d. Urhebergesetzes (<a href=\"http:\/\/www.gesetze-im-internet.de\/urhg\/index.html\">http:\/\/www.gesetze-im-internet.de\/urhg\/index.html<\/a>).<\/p><p>Downloads und Kopien dieser Seite sind nur f\u00fcr den privaten und nicht kommerziellen Gebrauch erlaubt. Sind die Inhalte auf unserer Webseite nicht von uns erstellt worden, sind die Urheberrechte Dritter zu beachten. Die Inhalte Dritter werden als solche kenntlich gemacht. Sollten Sie trotzdem auf eine Urheberrechtsverletzung aufmerksam werden, bitten wir um einen entsprechenden Hinweis. Bei Bekanntwerden von Rechtsverletzungen werden wir derartige Inhalte unverz\u00fcglich entfernen.<\/p>\t\t\t\t\t\t\t\t<\/div>\n\t\t\t\t<\/div>\n\t\t\t\t\t<\/div>\n\t\t<\/div>\n\t\t\t\t\t<\/div>\n\t\t<\/section>\n\t\t\t\t<\/div>\n\t\t","protected":false},"excerpt":{"rendered":"<p>Impressum Angaben gem. \u00a7 5 TMG:Ramin HummelUhlandstr. 1976135 Karlsruhe Kontaktaufnahme:Tel: +49 171 338 281 0E-Mail: info@raminhummel.com Umsatzsteuer-Identifikationsnummer gem. \u00a7 27a Umsatzsteuergesetz:DE305625527\u00a0 \u00a0Fotoshooting &#8211; Special Thanks to Nabila &amp; Armin Zandieh f\u00fcr deren Teilnahme und Bereitstellung des iaro Cafe!https:\/\/iaro.co\u00a0 Moritz Cramer f\u00fcr die Bereitstellung der Basis Crossfit R\u00e4ume!https:\/\/basis-karlsruhe.de Icons, Film und Fotomaterial:Anja Balterhttps:\/\/luckypics.de\u00a0 Tom Kohler &#8211; &hellip;<\/p>\n<p class=\"read-more\"> <a class=\"\" href=\"https:\/\/raminhummel.com\/de\/impressum\/\"> <span class=\"screen-reader-text\">Impressum<\/span> Weiterlesen &raquo;<\/a><\/p>\n","protected":false},"author":2,"featured_media":0,"parent":0,"menu_order":0,"comment_status":"closed","ping_status":"closed","template":"","meta":{"site-sidebar-layout":"no-sidebar","site-content-layout":"page-builder","ast-global-header-display":"","ast-main-header-display":"","ast-hfb-above-header-display":"","ast-hfb-below-header-display":"","ast-hfb-mobile-header-display":"","site-post-title":"disabled","ast-breadcrumbs-content":"","ast-featured-img":"disabled","footer-sml-layout":"","theme-transparent-header-meta":"","adv-header-id-meta":"","stick-header-meta":"","header-above-stick-meta":"","header-main-stick-meta":"","header-below-stick-meta":"","footnotes":""},"class_list":["post-1345","page","type-page","status-publish","hentry"],"_links":{"self":[{"href":"https:\/\/raminhummel.com\/de\/wp-json\/wp\/v2\/pages\/1345","targetHints":{"allow":["GET"]}}],"collection":[{"href":"https:\/\/raminhummel.com\/de\/wp-json\/wp\/v2\/pages"}],"about":[{"href":"https:\/\/raminhummel.com\/de\/wp-json\/wp\/v2\/types\/page"}],"author":[{"embeddable":true,"href":"https:\/\/raminhummel.com\/de\/wp-json\/wp\/v2\/users\/2"}],"replies":[{"embeddable":true,"href":"https:\/\/raminhummel.com\/de\/wp-json\/wp\/v2\/comments?post=1345"}],"version-history":[{"count":10,"href":"https:\/\/raminhummel.com\/de\/wp-json\/wp\/v2\/pages\/1345\/revisions"}],"predecessor-version":[{"id":2557,"href":"https:\/\/raminhummel.com\/de\/wp-json\/wp\/v2\/pages\/1345\/revisions\/2557"}],"wp:attachment":[{"href":"https:\/\/raminhummel.com\/de\/wp-json\/wp\/v2\/media?parent=1345"}],"curies":[{"name":"wp","href":"https:\/\/api.w.org\/{rel}","templated":true}]}}